{"id":768,"date":"2026-01-01T21:20:28","date_gmt":"2026-01-01T21:20:28","guid":{"rendered":"https:\/\/isatlas.com\/pricing\/"},"modified":"2026-01-03T09:22:57","modified_gmt":"2026-01-03T09:22:57","slug":"cmimet","status":"publish","type":"page","link":"https:\/\/isatlas.com\/sq\/cmimet\/","title":{"rendered":"Cmimet"},"content":{"rendered":"\n<div class=\"wp-block-uagb-container uagb-block-dops5pem alignfull uagb-is-root-container\"><div class=\"uagb-container-inner-blocks-wrap\">\n<div class=\"wp-block-uagb-info-box uagb-block-kuzhuxad uagb-infobox__content-wrap  uagb-infobox-icon-above-title uagb-infobox-image-valign-top\"><div class=\"uagb-ifb-content\"><div class=\"uagb-ifb-title-wrap\"><h2 class=\"uagb-ifb-title\">Zgjidh paket\u00ebn q\u00eb i p\u00ebrshtatet biznesit t\u00ebnd<\/h2><\/div><p class=\"uagb-ifb-desc\">Zgjidh mes paketave tona sipas nevojave t\u00eb tua. Qoft\u00eb p\u00ebr hapjen baz\u00eb t\u00eb nj\u00eb kompanie n\u00eb SHBA apo p\u00ebr nj\u00eb biznes t\u00eb gatsh\u00ebm p\u00ebr pagesa nd\u00ebrkomb\u00ebtare, IsAtlas t\u00eb udh\u00ebzon n\u00eb \u00e7do hap.<\/p><\/div><\/div>\n\n\n\n<div class=\"wp-block-uagb-container uagb-block-t2otsgeu\"><div class=\"uagb-container__video-wrap\"><\/div>\n<div class=\"wp-block-uagb-container uagb-block-dkpklqzv\">\n<div class=\"wp-block-uagb-info-box uagb-block-svssxo5u uagb-infobox__content-wrap  uagb-infobox-icon-above-title uagb-infobox-image-valign-top\"><div class=\"uagb-ifb-content\"><div class=\"uagb-ifb-title-wrap\"><p class=\"uagb-ifb-title\">Paketa Starter<\/p><\/div><p class=\"uagb-ifb-desc\">Zgjidhja ideale p\u00ebr individ\u00eb dhe biznese q\u00eb duan t\u00eb hapin ligj\u00ebrisht nj\u00eb kompani n\u00eb SHBA, pa komplikime dhe me kosto t\u00eb kontrolluar. IsAtlas kujdeset p\u00ebr formimin e kompanis\u00eb dhe dokumentacionin baz\u00eb, nd\u00ebrsa ju fokusoheni te ideja juaj e biznesit.<\/p><div class=\"uagb-ifb-separator\"><\/div><\/div><\/div>\n\n\n\n<div class=\"wp-block-uagb-icon-list uagb-block-evkqhvjy\"><div class=\"uagb-icon-list__wrap\">\n<div class=\"wp-block-uagb-icon-list-child uagb-block-wfghes4i\"><span class=\"uagb-icon-list__source-wrap\"><svg xmlns=\"https:\/\/www.w3.org\/2000\/svg\" viewBox=\"0 0 448 512\"><path d=\"M182.6 246.6C170.1 259.1 149.9 259.1 137.4 246.6L57.37 166.6C44.88 154.1 44.88 133.9 57.37 121.4C69.87 108.9 90.13 108.9 102.6 121.4L159.1 178.7L297.4 41.37C309.9 28.88 330.1 28.88 342.6 41.37C355.1 53.87 355.1 74.13 342.6 86.63L182.6 246.6zM182.6 470.6C170.1 483.1 149.9 483.1 137.4 470.6L9.372 342.6C-3.124 330.1-3.124 309.9 9.372 297.4C21.87 284.9 42.13 284.9 54.63 297.4L159.1 402.7L393.4 169.4C405.9 156.9 426.1 156.9 438.6 169.4C451.1 181.9 451.1 202.1 438.6 214.6L182.6 470.6z\"><\/path><\/svg><\/span><span class=\"uagb-icon-list__label\">Hapje LLC ose C Corporation  n\u00eb SHBA<\/span><\/div>\n\n\n\n<div class=\"wp-block-uagb-icon-list-child uagb-block-uyzfiubt\"><span class=\"uagb-icon-list__source-wrap\"><svg xmlns=\"https:\/\/www.w3.org\/2000\/svg\" viewBox=\"0 0 448 512\"><path d=\"M182.6 246.6C170.1 259.1 149.9 259.1 137.4 246.6L57.37 166.6C44.88 154.1 44.88 133.9 57.37 121.4C69.87 108.9 90.13 108.9 102.6 121.4L159.1 178.7L297.4 41.37C309.9 28.88 330.1 28.88 342.6 41.37C355.1 53.87 355.1 74.13 342.6 86.63L182.6 246.6zM182.6 470.6C170.1 483.1 149.9 483.1 137.4 470.6L9.372 342.6C-3.124 330.1-3.124 309.9 9.372 297.4C21.87 284.9 42.13 284.9 54.63 297.4L159.1 402.7L393.4 169.4C405.9 156.9 426.1 156.9 438.6 169.4C451.1 181.9 451.1 202.1 438.6 214.6L182.6 470.6z\"><\/path><\/svg><\/span><span class=\"uagb-icon-list__label\">Registered Agent<\/span><\/div>\n\n\n\n<div class=\"wp-block-uagb-icon-list-child uagb-block-ns7yvanj\"><span class=\"uagb-icon-list__source-wrap\"><svg xmlns=\"https:\/\/www.w3.org\/2000\/svg\" viewBox=\"0 0 448 512\"><path d=\"M182.6 246.6C170.1 259.1 149.9 259.1 137.4 246.6L57.37 166.6C44.88 154.1 44.88 133.9 57.37 121.4C69.87 108.9 90.13 108.9 102.6 121.4L159.1 178.7L297.4 41.37C309.9 28.88 330.1 28.88 342.6 41.37C355.1 53.87 355.1 74.13 342.6 86.63L182.6 246.6zM182.6 470.6C170.1 483.1 149.9 483.1 137.4 470.6L9.372 342.6C-3.124 330.1-3.124 309.9 9.372 297.4C21.87 284.9 42.13 284.9 54.63 297.4L159.1 402.7L393.4 169.4C405.9 156.9 426.1 156.9 438.6 169.4C451.1 181.9 451.1 202.1 438.6 214.6L182.6 470.6z\"><\/path><\/svg><\/span><span class=\"uagb-icon-list__label\">EIN (me ose pa SSN)<\/span><\/div>\n\n\n\n<div class=\"wp-block-uagb-icon-list-child uagb-block-tdilsjfy\"><span class=\"uagb-icon-list__source-wrap\"><svg xmlns=\"https:\/\/www.w3.org\/2000\/svg\" viewBox=\"0 0 448 512\"><path d=\"M182.6 246.6C170.1 259.1 149.9 259.1 137.4 246.6L57.37 166.6C44.88 154.1 44.88 133.9 57.37 121.4C69.87 108.9 90.13 108.9 102.6 121.4L159.1 178.7L297.4 41.37C309.9 28.88 330.1 28.88 342.6 41.37C355.1 53.87 355.1 74.13 342.6 86.63L182.6 246.6zM182.6 470.6C170.1 483.1 149.9 483.1 137.4 470.6L9.372 342.6C-3.124 330.1-3.124 309.9 9.372 297.4C21.87 284.9 42.13 284.9 54.63 297.4L159.1 402.7L393.4 169.4C405.9 156.9 426.1 156.9 438.6 169.4C451.1 181.9 451.1 202.1 438.6 214.6L182.6 470.6z\"><\/path><\/svg><\/span><span class=\"uagb-icon-list__label\">Dokumentacion zyrtar i kompanis\u00eb<\/span><\/div>\n\n\n\n<div class=\"wp-block-uagb-icon-list-child uagb-block-629f90d4\"><span class=\"uagb-icon-list__source-wrap\"><svg xmlns=\"https:\/\/www.w3.org\/2000\/svg\" viewBox=\"0 0 448 512\"><path d=\"M182.6 246.6C170.1 259.1 149.9 259.1 137.4 246.6L57.37 166.6C44.88 154.1 44.88 133.9 57.37 121.4C69.87 108.9 90.13 108.9 102.6 121.4L159.1 178.7L297.4 41.37C309.9 28.88 330.1 28.88 342.6 41.37C355.1 53.87 355.1 74.13 342.6 86.63L182.6 246.6zM182.6 470.6C170.1 483.1 149.9 483.1 137.4 470.6L9.372 342.6C-3.124 330.1-3.124 309.9 9.372 297.4C21.87 284.9 42.13 284.9 54.63 297.4L159.1 402.7L393.4 169.4C405.9 156.9 426.1 156.9 438.6 169.4C451.1 181.9 451.1 202.1 438.6 214.6L182.6 470.6z\"><\/path><\/svg><\/span><span class=\"uagb-icon-list__label\">Mb\u00ebshtetje gjat\u00eb procesit<\/span><\/div>\n\n\n\n<div class=\"wp-block-uagb-icon-list-child uagb-block-ce053fd9\"><span class=\"uagb-icon-list__source-wrap\"><svg xmlns=\"https:\/\/www.w3.org\/2000\/svg\" viewBox=\"0 0 448 512\"><path d=\"M182.6 246.6C170.1 259.1 149.9 259.1 137.4 246.6L57.37 166.6C44.88 154.1 44.88 133.9 57.37 121.4C69.87 108.9 90.13 108.9 102.6 121.4L159.1 178.7L297.4 41.37C309.9 28.88 330.1 28.88 342.6 41.37C355.1 53.87 355.1 74.13 342.6 86.63L182.6 246.6zM182.6 470.6C170.1 483.1 149.9 483.1 137.4 470.6L9.372 342.6C-3.124 330.1-3.124 309.9 9.372 297.4C21.87 284.9 42.13 284.9 54.63 297.4L159.1 402.7L393.4 169.4C405.9 156.9 426.1 156.9 438.6 169.4C451.1 181.9 451.1 202.1 438.6 214.6L182.6 470.6z\"><\/path><\/svg><\/span><span class=\"uagb-icon-list__label\">Pa pagesa mujore <\/span><\/div>\n\n\n\n<div class=\"wp-block-uagb-icon-list-child uagb-block-d515fe2e\"><span class=\"uagb-icon-list__source-wrap\"><svg xmlns=\"https:\/\/www.w3.org\/2000\/svg\" viewBox=\"0 0 448 512\"><path d=\"M182.6 246.6C170.1 259.1 149.9 259.1 137.4 246.6L57.37 166.6C44.88 154.1 44.88 133.9 57.37 121.4C69.87 108.9 90.13 108.9 102.6 121.4L159.1 178.7L297.4 41.37C309.9 28.88 330.1 28.88 342.6 41.37C355.1 53.87 355.1 74.13 342.6 86.63L182.6 246.6zM182.6 470.6C170.1 483.1 149.9 483.1 137.4 470.6L9.372 342.6C-3.124 330.1-3.124 309.9 9.372 297.4C21.87 284.9 42.13 284.9 54.63 297.4L159.1 402.7L393.4 169.4C405.9 156.9 426.1 156.9 438.6 169.4C451.1 181.9 451.1 202.1 438.6 214.6L182.6 470.6z\"><\/path><\/svg><\/span><span class=\"uagb-icon-list__label\">Koh\u00eb realizimi:\u00a015\u201320 dit\u00eb pune<\/span><\/div>\n<\/div><\/div>\n\n\n\n<hr class=\"wp-block-separator has-alpha-channel-opacity\"\/>\n\n\n\n<div class=\"wp-block-uagb-buttons uagb-buttons__outer-wrap uagb-btn__default-btn uagb-btn-tablet__default-btn uagb-btn-mobile__default-btn uagb-block-toyj6opj\"><div class=\"uagb-buttons__wrap uagb-buttons-layout-wrap \">\n<div class=\"wp-block-uagb-buttons-child uagb-buttons__outer-wrap uagb-block-nt10gzvv wp-block-button\"><div class=\"uagb-button__wrapper\"><a class=\"uagb-buttons-repeater ast-outline-button\" aria-label=\"\" style=\"border-width:revert-layer\" href=\"https:\/\/isatlas.com\/aplikim-per-hapjen-e-kompanise-ne-shba-nga-shqiperia-europa\/\" rel=\"follow noopener\" target=\"_self\" role=\"button\"><div class=\"uagb-button__link\">700 \u20ac<\/div><\/a><\/div><\/div>\n<\/div><\/div>\n<\/div>\n\n\n\n<div class=\"wp-block-uagb-container uagb-block-sgi7dfr4\">\n<div class=\"wp-block-uagb-info-box uagb-block-gbrsxjpo uagb-infobox__content-wrap  uagb-infobox-icon-above-title uagb-infobox-image-valign-top\"><div class=\"uagb-ifb-content\"><div class=\"uagb-ifb-title-wrap\"><p class=\"uagb-ifb-title\">Paketa Pro<\/p><\/div><p class=\"uagb-ifb-desc\">P\u00ebr ata q\u00eb duan nj\u00eb biznes t\u00eb gatsh\u00ebm p\u00ebr operim nd\u00ebrkomb\u00ebtar. P\u00ebrve\u00e7 formimit t\u00eb kompanis\u00eb, IsAtlas ju asiston n\u00eb hapjen e llogaris\u00eb bankare amerikane dhe aktivizimin e Stripe, duke ju mund\u00ebsuar t\u00eb pranoni pagesa nga e gjith\u00eb bota.<\/p><div class=\"uagb-ifb-separator\"><\/div><\/div><\/div>\n\n\n\n<div class=\"wp-block-uagb-icon-list uagb-block-6i64u7bk\"><div class=\"uagb-icon-list__wrap\">\n<div class=\"wp-block-uagb-icon-list-child uagb-block-4oicwmio\"><span class=\"uagb-icon-list__source-wrap\"><svg xmlns=\"https:\/\/www.w3.org\/2000\/svg\" viewBox=\"0 0 448 512\"><path d=\"M182.6 246.6C170.1 259.1 149.9 259.1 137.4 246.6L57.37 166.6C44.88 154.1 44.88 133.9 57.37 121.4C69.87 108.9 90.13 108.9 102.6 121.4L159.1 178.7L297.4 41.37C309.9 28.88 330.1 28.88 342.6 41.37C355.1 53.87 355.1 74.13 342.6 86.63L182.6 246.6zM182.6 470.6C170.1 483.1 149.9 483.1 137.4 470.6L9.372 342.6C-3.124 330.1-3.124 309.9 9.372 297.4C21.87 284.9 42.13 284.9 54.63 297.4L159.1 402.7L393.4 169.4C405.9 156.9 426.1 156.9 438.6 169.4C451.1 181.9 451.1 202.1 438.6 214.6L182.6 470.6z\"><\/path><\/svg><\/span><span class=\"uagb-icon-list__label\">Hapje LLC ose C Corporation  n\u00eb SHBA<\/span><\/div>\n\n\n\n<div class=\"wp-block-uagb-icon-list-child uagb-block-prgbqgej\"><span class=\"uagb-icon-list__source-wrap\"><svg xmlns=\"https:\/\/www.w3.org\/2000\/svg\" viewBox=\"0 0 448 512\"><path d=\"M182.6 246.6C170.1 259.1 149.9 259.1 137.4 246.6L57.37 166.6C44.88 154.1 44.88 133.9 57.37 121.4C69.87 108.9 90.13 108.9 102.6 121.4L159.1 178.7L297.4 41.37C309.9 28.88 330.1 28.88 342.6 41.37C355.1 53.87 355.1 74.13 342.6 86.63L182.6 246.6zM182.6 470.6C170.1 483.1 149.9 483.1 137.4 470.6L9.372 342.6C-3.124 330.1-3.124 309.9 9.372 297.4C21.87 284.9 42.13 284.9 54.63 297.4L159.1 402.7L393.4 169.4C405.9 156.9 426.1 156.9 438.6 169.4C451.1 181.9 451.1 202.1 438.6 214.6L182.6 470.6z\"><\/path><\/svg><\/span><span class=\"uagb-icon-list__label\">Registered Agent<\/span><\/div>\n\n\n\n<div class=\"wp-block-uagb-icon-list-child uagb-block-yzoywzhx\"><span class=\"uagb-icon-list__source-wrap\"><svg xmlns=\"https:\/\/www.w3.org\/2000\/svg\" viewBox=\"0 0 448 512\"><path d=\"M182.6 246.6C170.1 259.1 149.9 259.1 137.4 246.6L57.37 166.6C44.88 154.1 44.88 133.9 57.37 121.4C69.87 108.9 90.13 108.9 102.6 121.4L159.1 178.7L297.4 41.37C309.9 28.88 330.1 28.88 342.6 41.37C355.1 53.87 355.1 74.13 342.6 86.63L182.6 246.6zM182.6 470.6C170.1 483.1 149.9 483.1 137.4 470.6L9.372 342.6C-3.124 330.1-3.124 309.9 9.372 297.4C21.87 284.9 42.13 284.9 54.63 297.4L159.1 402.7L393.4 169.4C405.9 156.9 426.1 156.9 438.6 169.4C451.1 181.9 451.1 202.1 438.6 214.6L182.6 470.6z\"><\/path><\/svg><\/span><span class=\"uagb-icon-list__label\">EIN (me ose pa SSN)<\/span><\/div>\n\n\n\n<div class=\"wp-block-uagb-icon-list-child uagb-block-8nfzwkkd\"><span class=\"uagb-icon-list__source-wrap\"><svg xmlns=\"https:\/\/www.w3.org\/2000\/svg\" viewBox=\"0 0 448 512\"><path d=\"M182.6 246.6C170.1 259.1 149.9 259.1 137.4 246.6L57.37 166.6C44.88 154.1 44.88 133.9 57.37 121.4C69.87 108.9 90.13 108.9 102.6 121.4L159.1 178.7L297.4 41.37C309.9 28.88 330.1 28.88 342.6 41.37C355.1 53.87 355.1 74.13 342.6 86.63L182.6 246.6zM182.6 470.6C170.1 483.1 149.9 483.1 137.4 470.6L9.372 342.6C-3.124 330.1-3.124 309.9 9.372 297.4C21.87 284.9 42.13 284.9 54.63 297.4L159.1 402.7L393.4 169.4C405.9 156.9 426.1 156.9 438.6 169.4C451.1 181.9 451.1 202.1 438.6 214.6L182.6 470.6z\"><\/path><\/svg><\/span><span class=\"uagb-icon-list__label\">Mb\u00ebshtetje gjat\u00eb procesit<\/span><\/div>\n\n\n\n<div class=\"wp-block-uagb-icon-list-child uagb-block-8872ce6d\"><span class=\"uagb-icon-list__source-wrap\"><svg xmlns=\"https:\/\/www.w3.org\/2000\/svg\" viewBox=\"0 0 448 512\"><path d=\"M182.6 246.6C170.1 259.1 149.9 259.1 137.4 246.6L57.37 166.6C44.88 154.1 44.88 133.9 57.37 121.4C69.87 108.9 90.13 108.9 102.6 121.4L159.1 178.7L297.4 41.37C309.9 28.88 330.1 28.88 342.6 41.37C355.1 53.87 355.1 74.13 342.6 86.63L182.6 246.6zM182.6 470.6C170.1 483.1 149.9 483.1 137.4 470.6L9.372 342.6C-3.124 330.1-3.124 309.9 9.372 297.4C21.87 284.9 42.13 284.9 54.63 297.4L159.1 402.7L393.4 169.4C405.9 156.9 426.1 156.9 438.6 169.4C451.1 181.9 451.1 202.1 438.6 214.6L182.6 470.6z\"><\/path><\/svg><\/span><span class=\"uagb-icon-list__label\">Pa pagesa mujore <\/span><\/div>\n\n\n\n<div class=\"wp-block-uagb-icon-list-child uagb-block-89735057\"><span class=\"uagb-icon-list__source-wrap\"><svg xmlns=\"https:\/\/www.w3.org\/2000\/svg\" viewBox=\"0 0 448 512\"><path d=\"M182.6 246.6C170.1 259.1 149.9 259.1 137.4 246.6L57.37 166.6C44.88 154.1 44.88 133.9 57.37 121.4C69.87 108.9 90.13 108.9 102.6 121.4L159.1 178.7L297.4 41.37C309.9 28.88 330.1 28.88 342.6 41.37C355.1 53.87 355.1 74.13 342.6 86.63L182.6 246.6zM182.6 470.6C170.1 483.1 149.9 483.1 137.4 470.6L9.372 342.6C-3.124 330.1-3.124 309.9 9.372 297.4C21.87 284.9 42.13 284.9 54.63 297.4L159.1 402.7L393.4 169.4C405.9 156.9 426.1 156.9 438.6 169.4C451.1 181.9 451.1 202.1 438.6 214.6L182.6 470.6z\"><\/path><\/svg><\/span><span class=\"uagb-icon-list__label\">Ndihm\u00eb p\u00ebr hapje banke (Mercury \/ Wise)<\/span><\/div>\n\n\n\n<div class=\"wp-block-uagb-icon-list-child uagb-block-9bba71f7\"><span class=\"uagb-icon-list__source-wrap\"><svg xmlns=\"https:\/\/www.w3.org\/2000\/svg\" viewBox=\"0 0 448 512\"><path d=\"M182.6 246.6C170.1 259.1 149.9 259.1 137.4 246.6L57.37 166.6C44.88 154.1 44.88 133.9 57.37 121.4C69.87 108.9 90.13 108.9 102.6 121.4L159.1 178.7L297.4 41.37C309.9 28.88 330.1 28.88 342.6 41.37C355.1 53.87 355.1 74.13 342.6 86.63L182.6 246.6zM182.6 470.6C170.1 483.1 149.9 483.1 137.4 470.6L9.372 342.6C-3.124 330.1-3.124 309.9 9.372 297.4C21.87 284.9 42.13 284.9 54.63 297.4L159.1 402.7L393.4 169.4C405.9 156.9 426.1 156.9 438.6 169.4C451.1 181.9 451.1 202.1 438.6 214.6L182.6 470.6z\"><\/path><\/svg><\/span><span class=\"uagb-icon-list__label\">Udh\u00ebzim p\u00ebr Stripe<\/span><\/div>\n\n\n\n<div class=\"wp-block-uagb-icon-list-child uagb-block-b538c6a7\"><span class=\"uagb-icon-list__source-wrap\"><svg xmlns=\"https:\/\/www.w3.org\/2000\/svg\" viewBox=\"0 0 448 512\"><path d=\"M182.6 246.6C170.1 259.1 149.9 259.1 137.4 246.6L57.37 166.6C44.88 154.1 44.88 133.9 57.37 121.4C69.87 108.9 90.13 108.9 102.6 121.4L159.1 178.7L297.4 41.37C309.9 28.88 330.1 28.88 342.6 41.37C355.1 53.87 355.1 74.13 342.6 86.63L182.6 246.6zM182.6 470.6C170.1 483.1 149.9 483.1 137.4 470.6L9.372 342.6C-3.124 330.1-3.124 309.9 9.372 297.4C21.87 284.9 42.13 284.9 54.63 297.4L159.1 402.7L393.4 169.4C405.9 156.9 426.1 156.9 438.6 169.4C451.1 181.9 451.1 202.1 438.6 214.6L182.6 470.6z\"><\/path><\/svg><\/span><span class=\"uagb-icon-list__label\">Fleksibilitet global p\u00ebr eCommerce &amp; SaaS<\/span><\/div>\n\n\n\n<div class=\"wp-block-uagb-icon-list-child uagb-block-631842f9\"><span class=\"uagb-icon-list__source-wrap\"><svg xmlns=\"https:\/\/www.w3.org\/2000\/svg\" viewBox=\"0 0 448 512\"><path d=\"M182.6 246.6C170.1 259.1 149.9 259.1 137.4 246.6L57.37 166.6C44.88 154.1 44.88 133.9 57.37 121.4C69.87 108.9 90.13 108.9 102.6 121.4L159.1 178.7L297.4 41.37C309.9 28.88 330.1 28.88 342.6 41.37C355.1 53.87 355.1 74.13 342.6 86.63L182.6 246.6zM182.6 470.6C170.1 483.1 149.9 483.1 137.4 470.6L9.372 342.6C-3.124 330.1-3.124 309.9 9.372 297.4C21.87 284.9 42.13 284.9 54.63 297.4L159.1 402.7L393.4 169.4C405.9 156.9 426.1 156.9 438.6 169.4C451.1 181.9 451.1 202.1 438.6 214.6L182.6 470.6z\"><\/path><\/svg><\/span><span class=\"uagb-icon-list__label\">Koh\u00eb realizimi:\u00a015\u201320 dit\u00eb pune<\/span><\/div>\n<\/div><\/div>\n\n\n\n<hr class=\"wp-block-separator has-text-color has-ast-global-color-8-color has-alpha-channel-opacity has-ast-global-color-8-background-color has-background\" style=\"margin-top:0;margin-bottom:0\"\/>\n\n\n\n<div class=\"wp-block-uagb-buttons uagb-buttons__outer-wrap uagb-btn__default-btn uagb-btn-tablet__default-btn uagb-btn-mobile__default-btn uagb-block-skfpgpz4\"><div class=\"uagb-buttons__wrap uagb-buttons-layout-wrap \">\n<div class=\"wp-block-uagb-buttons-child uagb-buttons__outer-wrap uagb-block-f2jbvyfo wp-block-button\"><div class=\"uagb-button__wrapper\"><a class=\"uagb-buttons-repeater wp-block-button__link\" aria-label=\"\" href=\"https:\/\/isatlas.com\/aplikim-per-hapjen-e-kompanise-ne-shba-nga-shqiperia-europa\/\" rel=\"follow noopener\" target=\"_self\" role=\"button\"><div class=\"uagb-button__link\">1000 \u20ac<\/div><\/a><\/div><\/div>\n<\/div><\/div>\n<\/div>\n<\/div>\n<\/div><\/div>\n\n\n\n<div class=\"wp-block-uagb-container uagb-block-48643218 alignfull uagb-is-root-container\"><div class=\"uagb-container-inner-blocks-wrap\">\n<div class=\"wp-block-uagb-info-box uagb-block-02fd8e85 uagb-infobox__content-wrap  uagb-infobox-icon-above-title uagb-infobox-image-valign-top\"><div class=\"uagb-ifb-content\"><div class=\"uagb-ifb-title-wrap\"><h2 class=\"uagb-ifb-title\">Nis sot krijimin e kompanis\u00eb t\u00ebnde n\u00eb SHBA<\/h2><\/div><p class=\"uagb-ifb-desc\">Ne t\u00eb udh\u00ebzojm\u00eb hap pas hapi nga formimi i kompanis\u00eb deri te EIN dhe pagesat nd\u00ebrkomb\u00ebtare \u2013 pa pagesa mujore dhe pa komplikime.<br><a href=\"https:\/\/isatlas.com\/features\/?customize_changeset_uuid=cf248322-f511-46dd-b602-531ed1d8b0b0&amp;customize_theme=astra&amp;customize_messenger_channel=preview-1#\"><\/a><\/p><div class=\"uagb-ifb-button-wrapper wp-block-button\"><a href=\"#\" class=\"uagb-infobox-cta-link wp-block-button__link\" target=\"_self\" rel=\"noopener noreferrer\" onclick=\"return false;\"><span class=\"uagb-inline-editing\">Apliko Tani<\/span><\/a><\/div><\/div><\/div>\n<\/div><\/div>\n","protected":false},"excerpt":{"rendered":"","protected":false},"author":1,"featured_media":0,"parent":0,"menu_order":0,"comment_status":"closed","ping_status":"closed","template":"","meta":{"om_disable_all_campaigns":false,"_uag_custom_page_level_css":"","_monsterinsights_skip_tracking":false,"_monsterinsights_sitenote_active":false,"_monsterinsights_sitenote_note":"","_monsterinsights_sitenote_category":0,"site-sidebar-layout":"default","site-content-layout":"","ast-site-content-layout":"default","site-content-style":"default","site-sidebar-style":"default","ast-global-header-display":"","ast-banner-title-visibility":"","ast-main-header-display":"","ast-hfb-above-header-display":"","ast-hfb-below-header-display":"","ast-hfb-mobile-header-display":"","site-post-title":"disabled","ast-breadcrumbs-content":"","ast-featured-img":"","footer-sml-layout":"","ast-disable-related-posts":"","theme-transparent-header-meta":"","adv-header-id-meta":"","stick-header-meta":"","header-above-stick-meta":"","header-main-stick-meta":"","header-below-stick-meta":"","astra-migrate-meta-layouts":"set","ast-page-background-enabled":"default","ast-page-background-meta":{"desktop":{"background-color":"var(--ast-global-color-4)","background-image":"","background-repeat":"repeat","background-position":"center center","background-size":"auto","background-attachment":"scroll","background-type":"","background-media":"","overlay-type":"","overlay-color":"","overlay-opacity":"","overlay-gradient":""},"tablet":{"background-color":"","background-image":"","background-repeat":"repeat","background-position":"center center","background-size":"auto","background-attachment":"scroll","background-type":"","background-media":"","overlay-type":"","overlay-color":"","overlay-opacity":"","overlay-gradient":""},"mobile":{"background-color":"","background-image":"","background-repeat":"repeat","background-position":"center center","background-size":"auto","background-attachment":"scroll","background-type":"","background-media":"","overlay-type":"","overlay-color":"","overlay-opacity":"","overlay-gradient":""}},"ast-content-background-meta":{"desktop":{"background-color":"var(--ast-global-color-5)","background-image":"","background-repeat":"repeat","background-position":"center center","background-size":"auto","background-attachment":"scroll","background-type":"","background-media":"","overlay-type":"","overlay-color":"","overlay-opacity":"","overlay-gradient":""},"tablet":{"background-color":"var(--ast-global-color-5)","background-image":"","background-repeat":"repeat","background-position":"center center","background-size":"auto","background-attachment":"scroll","background-type":"","background-media":"","overlay-type":"","overlay-color":"","overlay-opacity":"","overlay-gradient":""},"mobile":{"background-color":"var(--ast-global-color-5)","background-image":"","background-repeat":"repeat","background-position":"center center","background-size":"auto","background-attachment":"scroll","background-type":"","background-media":"","overlay-type":"","overlay-color":"","overlay-opacity":"","overlay-gradient":""}},"footnotes":""},"class_list":["post-768","page","type-page","status-publish","hentry"],"aioseo_notices":[],"uagb_featured_image_src":{"full":false,"thumbnail":false,"medium":false,"medium_large":false,"large":false,"1536x1536":false,"2048x2048":false,"trp-custom-language-flag":false},"uagb_author_info":{"display_name":"ari.llaci31.al@gmail.com","author_link":"https:\/\/isatlas.com\/sq\/author\/ari-llaci31-algmail-com\/"},"uagb_comment_info":0,"uagb_excerpt":null,"_links":{"self":[{"href":"https:\/\/isatlas.com\/sq\/wp-json\/wp\/v2\/pages\/768","targetHints":{"allow":["GET"]}}],"collection":[{"href":"https:\/\/isatlas.com\/sq\/wp-json\/wp\/v2\/pages"}],"about":[{"href":"https:\/\/isatlas.com\/sq\/wp-json\/wp\/v2\/types\/page"}],"author":[{"embeddable":true,"href":"https:\/\/isatlas.com\/sq\/wp-json\/wp\/v2\/users\/1"}],"replies":[{"embeddable":true,"href":"https:\/\/isatlas.com\/sq\/wp-json\/wp\/v2\/comments?post=768"}],"version-history":[{"count":10,"href":"https:\/\/isatlas.com\/sq\/wp-json\/wp\/v2\/pages\/768\/revisions"}],"predecessor-version":[{"id":3165,"href":"https:\/\/isatlas.com\/sq\/wp-json\/wp\/v2\/pages\/768\/revisions\/3165"}],"wp:attachment":[{"href":"https:\/\/isatlas.com\/sq\/wp-json\/wp\/v2\/media?parent=768"}],"curies":[{"name":"wp","href":"https:\/\/api.w.org\/{rel}","templated":true}]}}