{"id":766,"date":"2026-01-01T21:20:28","date_gmt":"2026-01-01T21:20:28","guid":{"rendered":"https:\/\/isatlas.com\/about\/"},"modified":"2026-01-02T12:53:41","modified_gmt":"2026-01-02T12:53:41","slug":"rreth-nesh","status":"publish","type":"page","link":"https:\/\/isatlas.com\/sq\/rreth-nesh\/","title":{"rendered":"Rreth Nesh"},"content":{"rendered":"\n<div class=\"wp-block-uagb-container uagb-block-c052f59c alignfull uagb-is-root-container\"><div class=\"uagb-container-inner-blocks-wrap\">\n<div class=\"wp-block-uagb-advanced-heading uagb-block-843f817a\"><h1 class=\"uagb-heading-text\">Ne ndihmojm\u00eb bizneset t\u00eb operojn\u00eb globalisht, thjesht dhe ligj\u00ebrisht<\/h1><\/div>\n\n\n\n<div class=\"wp-block-uagb-advanced-heading uagb-block-caa24719\"><p class=\"uagb-heading-text\">IsAtlas \u00ebsht\u00eb nj\u00eb platform\u00eb sh\u00ebrbimesh q\u00eb ndihmon individ\u00eb dhe biznese t\u00eb krijojn\u00eb, strukturojn\u00eb dhe menaxhojn\u00eb aktivitetin e tyre nd\u00ebrkomb\u00ebtar n\u00eb m\u00ebnyr\u00eb t\u00eb thjesht\u00eb dhe t\u00eb sigurt.<br>Nga formimi i kompanis\u00eb n\u00eb SHBA, deri te asistenca p\u00ebr llogari bankare dhe pagesa online, IsAtlas ofron nj\u00eb proces t\u00eb qart\u00eb, t\u00eb strukturuar dhe pa komplikime t\u00eb panevojshme.<\/p><\/div>\n<\/div><\/div>\n\n\n\n<div class=\"wp-block-uagb-container uagb-block-e0a2ece5 alignfull uagb-is-root-container\"><div class=\"uagb-container-inner-blocks-wrap\">\n<div class=\"wp-block-uagb-container uagb-block-738c718b\">\n<div class=\"wp-block-uagb-container uagb-block-38b98f51\">\n<div class=\"wp-block-uagb-info-box uagb-block-dbdc1b03 uagb-infobox__content-wrap  uagb-infobox-icon-above-title uagb-infobox-image-valign-top\"><div class=\"uagb-ifb-content\"><div class=\"uagb-ifb-title-wrap\"><h4 class=\"uagb-ifb-title\">50+ shtete t\u00eb mbuluara<\/h4><\/div><p class=\"uagb-ifb-desc\">Partner\u00eb dhe agjent\u00eb zyrtar\u00eb n\u00eb t\u00eb gjitha shtetet e SHBA-s\u00eb.<\/p><\/div><\/div>\n<\/div>\n\n\n\n<div class=\"wp-block-uagb-container uagb-block-211c7830\">\n<div class=\"wp-block-uagb-info-box uagb-block-eb02ba64 uagb-infobox__content-wrap  uagb-infobox-icon-above-title uagb-infobox-image-valign-top\"><div class=\"uagb-ifb-content\"><div class=\"uagb-ifb-title-wrap\"><h4 class=\"uagb-ifb-title\">100% proces ligjor<br><\/h4><\/div><p class=\"uagb-ifb-desc\">Cdo kompani hapet sipas ligjeve amerikane dhe me dokumentacion zyrtar.<\/p><\/div><\/div>\n<\/div>\n\n\n\n<div class=\"wp-block-uagb-container uagb-block-b96cfc1f\">\n<div class=\"wp-block-uagb-info-box uagb-block-594c0b9e uagb-infobox__content-wrap  uagb-infobox-icon-above-title uagb-infobox-image-valign-top\"><div class=\"uagb-ifb-content\"><div class=\"uagb-ifb-title-wrap\"><h4 class=\"uagb-ifb-title\">15\u201320<br>dit\u00eb<br>pune<\/h4><\/div><p class=\"uagb-ifb-desc\">Koha mesatare p\u00ebr hapjen e kompanis\u00eb dhe marrjen e EIN.<\/p><\/div><\/div>\n<\/div>\n\n\n\n<div class=\"wp-block-uagb-container uagb-block-1e89d5b7\">\n<div class=\"wp-block-uagb-info-box uagb-block-f4a37b9d uagb-infobox__content-wrap  uagb-infobox-icon-above-title uagb-infobox-image-valign-top\"><div class=\"uagb-ifb-content\"><div class=\"uagb-ifb-title-wrap\"><h4 class=\"uagb-ifb-title\">Pa pagesa mujore<\/h4><\/div><p class=\"uagb-ifb-desc\">Nj\u00eb pages\u00eb e vetme \u2013 pa sigurime, pa ekonomist, pa kosto t\u00eb fshehura.<\/p><\/div><\/div>\n<\/div>\n<\/div>\n<\/div><\/div>\n\n\n\n<div class=\"wp-block-uagb-container uagb-block-51299356 alignfull uagb-is-root-container\"><div class=\"uagb-container-inner-blocks-wrap\">\n<div class=\"wp-block-uagb-container uagb-block-9a3aae71\">\n<div class=\"wp-block-uagb-image alignleft uagb-block-6834e7de wp-block-uagb-image--layout-default wp-block-uagb-image--effect-static wp-block-uagb-image--align-left\"><figure class=\"wp-block-uagb-image__figure\"><img decoding=\"async\" srcset=\"https:\/\/isatlas.com\/wp-content\/uploads\/2026\/01\/cropped-ISAtlas-1024x341.png ,https:\/\/isatlas.com\/wp-content\/uploads\/2026\/01\/cropped-ISAtlas.png 780w, https:\/\/isatlas.com\/wp-content\/uploads\/2026\/01\/cropped-ISAtlas.png 360w\" sizes=\"auto, (max-width: 480px) 150px\" src=\"https:\/\/isatlas.com\/wp-content\/uploads\/2026\/01\/cropped-ISAtlas-1024x341.png\" alt=\"\" class=\"uag-image-2966\" width=\"5260\" height=\"3507\" title=\"cropped-ISAtlas.png\" loading=\"lazy\" role=\"img\"\/><\/figure><\/div>\n<\/div>\n\n\n\n<div class=\"wp-block-uagb-container uagb-block-cf14bddf\">\n<div class=\"wp-block-uagb-advanced-heading uagb-block-03352226\"><h2 class=\"uagb-heading-text\">Misioni yn\u00eb<\/h2><p class=\"uagb-desc-text\">Misioni yn\u00eb \u00ebsht\u00eb t\u00eb fuqizojm\u00eb bizneset duke u ofruar:<br>Struktur\u00eb ligjore t\u00eb sakt\u00eb n\u00eb SHBA<br>Akses n\u00eb sistemin financiar amerikan<br>Mund\u00ebsi p\u00ebr t\u00eb pranuar pagesa nga e gjith\u00eb bota<br>Procese t\u00eb thjeshta, t\u00eb qarta dhe pa surpriza<br>Ne besojm\u00eb se \u00e7do biznes serioz duhet t\u00eb ket\u00eb mund\u00ebsi t\u00eb operoj\u00eb globalisht, pa qen\u00eb i kufizuar nga vendndodhja apo sistemet lokale.<\/p><\/div>\n<\/div>\n<\/div><\/div>\n\n\n\n<div class=\"wp-block-uagb-container uagb-block-b167b7d5 alignfull uagb-is-root-container\"><div class=\"uagb-container-inner-blocks-wrap\">\n<div class=\"wp-block-uagb-container uagb-block-e7aa024b\">\n<div class=\"wp-block-uagb-advanced-heading uagb-block-0a9c5373\"><h2 class=\"uagb-heading-text\">Vlerat tona<\/h2><p class=\"uagb-desc-text\">Ne udh\u00ebhiqemi nga parime t\u00eb qarta q\u00eb na lejojn\u00eb t\u00eb nd\u00ebrtojm\u00eb marr\u00ebdh\u00ebnie afatgjata dhe t\u00eb besueshme me klient\u00ebt tan\u00eb.<\/p><\/div>\n<\/div>\n\n\n\n<div class=\"wp-block-uagb-container uagb-block-7b3400e0\">\n<div class=\"wp-block-uagb-container uagb-block-77321848\">\n<div class=\"wp-block-uagb-info-box uagb-block-6f4371a9 uagb-infobox__content-wrap  uagb-infobox-icon-left uagb-infobox-left uagb-infobox-stacked-mobile uagb-infobox-image-valign-top\"><div class=\"uagb-ifb-icon-wrap\"><div class=\"uagb-iconbox-icon-wrap uagb-infobox-shape-circle\"><svg xmlns=\"https:\/\/www.w3.org\/2000\/svg\" viewBox=\"0 0 576 512\"><path d=\"M279.6 160.4C282.4 160.1 285.2 160 288 160C341 160 384 202.1 384 256C384 309 341 352 288 352C234.1 352 192 309 192 256C192 253.2 192.1 250.4 192.4 247.6C201.7 252.1 212.5 256 224 256C259.3 256 288 227.3 288 192C288 180.5 284.1 169.7 279.6 160.4zM480.6 112.6C527.4 156 558.7 207.1 573.5 243.7C576.8 251.6 576.8 260.4 573.5 268.3C558.7 304 527.4 355.1 480.6 399.4C433.5 443.2 368.8 480 288 480C207.2 480 142.5 443.2 95.42 399.4C48.62 355.1 17.34 304 2.461 268.3C-.8205 260.4-.8205 251.6 2.461 243.7C17.34 207.1 48.62 156 95.42 112.6C142.5 68.84 207.2 32 288 32C368.8 32 433.5 68.84 480.6 112.6V112.6zM288 112C208.5 112 144 176.5 144 256C144 335.5 208.5 400 288 400C367.5 400 432 335.5 432 256C432 176.5 367.5 112 288 112z\"><\/path><\/svg><\/div><\/div><div class=\"uagb-ifb-content\"><div class=\"uagb-ifb-title-wrap\"><h6 class=\"uagb-ifb-title\"><strong><strong><strong>Integritet<\/strong><\/strong><\/strong><\/h6><\/div><p class=\"uagb-ifb-desc\">Ne veprojm\u00eb me transparenc\u00eb t\u00eb plot\u00eb n\u00eb \u00e7do hap t\u00eb procesit. \u00c7do sh\u00ebrbim, kosto dhe afat komunikohet qart\u00eb, pa premtime t\u00eb rreme apo tarifa t\u00eb fshehura.<\/p><\/div><\/div>\n<\/div>\n\n\n\n<div class=\"wp-block-uagb-container uagb-block-a08e6638\">\n<div class=\"wp-block-uagb-info-box uagb-block-ebcce975 uagb-infobox__content-wrap  uagb-infobox-icon-left uagb-infobox-left uagb-infobox-stacked-mobile uagb-infobox-image-valign-top\"><div class=\"uagb-ifb-icon-wrap\"><div class=\"uagb-iconbox-icon-wrap uagb-infobox-shape-circle\"><svg xmlns=\"https:\/\/www.w3.org\/2000\/svg\" viewBox=\"0 0 448 512\"><path d=\"M80 192V144C80 64.47 144.5 0 224 0C303.5 0 368 64.47 368 144V192H384C419.3 192 448 220.7 448 256V448C448 483.3 419.3 512 384 512H64C28.65 512 0 483.3 0 448V256C0 220.7 28.65 192 64 192H80zM144 192H304V144C304 99.82 268.2 64 224 64C179.8 64 144 99.82 144 144V192z\"><\/path><\/svg><\/div><\/div><div class=\"uagb-ifb-content\"><div class=\"uagb-ifb-title-wrap\"><h6 class=\"uagb-ifb-title\"><strong><strong><strong>Privat\u00ebsi &amp; Siguri<\/strong><\/strong><\/strong><\/h6><\/div><p class=\"uagb-ifb-desc\">T\u00eb dh\u00ebnat e klient\u00ebve trajtohen me konfidencialitet maksimal. Respektojm\u00eb standardet nd\u00ebrkomb\u00ebtare t\u00eb privat\u00ebsis\u00eb dhe siguris\u00eb s\u00eb informacionit.<\/p><\/div><\/div>\n<\/div>\n\n\n\n<div class=\"wp-block-uagb-container uagb-block-2bdc3da2\">\n<div class=\"wp-block-uagb-info-box uagb-block-4b4fa0ec uagb-infobox__content-wrap  uagb-infobox-icon-left uagb-infobox-left uagb-infobox-stacked-mobile uagb-infobox-image-valign-top\"><div class=\"uagb-ifb-icon-wrap\"><div class=\"uagb-iconbox-icon-wrap uagb-infobox-shape-circle\"><svg xmlns=\"https:\/\/www.w3.org\/2000\/svg\" viewBox=\"0 0 448 512\"><path d=\"M224 256c70.7 0 128-57.31 128-128s-57.3-128-128-128C153.3 0 96 57.31 96 128S153.3 256 224 256zM274.7 304H173.3C77.61 304 0 381.6 0 477.3c0 19.14 15.52 34.67 34.66 34.67h378.7C432.5 512 448 496.5 448 477.3C448 381.6 370.4 304 274.7 304z\"><\/path><\/svg><\/div><\/div><div class=\"uagb-ifb-content\"><div class=\"uagb-ifb-title-wrap\"><h6 class=\"uagb-ifb-title\"><strong><strong><strong>Mb\u00ebshtetje p\u00ebr Klientin<\/strong><\/strong><\/strong><\/h6><\/div><p class=\"uagb-ifb-desc\">Klient\u00ebt tan\u00eb nuk mbeten vet\u00ebm pas pages\u00ebs. Ofron mb\u00ebshtetje reale dhe komunikim t\u00eb vazhduesh\u00ebm gjat\u00eb gjith\u00eb procesit.<\/p><\/div><\/div>\n<\/div>\n\n\n\n<div class=\"wp-block-uagb-container uagb-block-3250d8c6\">\n<div class=\"wp-block-uagb-info-box uagb-block-106e03ee uagb-infobox__content-wrap  uagb-infobox-icon-left uagb-infobox-left uagb-infobox-stacked-mobile uagb-infobox-image-valign-top\"><div class=\"uagb-ifb-icon-wrap\"><div class=\"uagb-iconbox-icon-wrap uagb-infobox-shape-circle\"><svg xmlns=\"https:\/\/www.w3.org\/2000\/svg\" viewBox=\"0 0 512 512\"><path d=\"M256-.0078C260.7-.0081 265.2 1.008 269.4 2.913L457.7 82.79C479.7 92.12 496.2 113.8 496 139.1C495.5 239.2 454.7 420.7 282.4 503.2C265.7 511.1 246.3 511.1 229.6 503.2C57.25 420.7 16.49 239.2 15.1 139.1C15.87 113.8 32.32 92.12 54.3 82.79L242.7 2.913C246.8 1.008 251.4-.0081 256-.0078V-.0078zM256 444.8C393.1 378 431.1 230.1 432 141.4L256 66.77L256 444.8z\"><\/path><\/svg><\/div><\/div><div class=\"uagb-ifb-content\"><div class=\"uagb-ifb-title-wrap\"><h6 class=\"uagb-ifb-title\"><strong><strong><strong>Besueshm\u00ebri<\/strong><\/strong><\/strong><\/h6><\/div><p class=\"uagb-ifb-desc\">Ne nd\u00ebrtojm\u00eb marr\u00ebdh\u00ebnie t\u00eb bazuara n\u00eb korrekt\u00ebsi dhe p\u00ebrgjegj\u00ebsi. \u00c7do angazhim q\u00eb marrim e trajtojm\u00eb seriozisht dhe e \u00e7ojm\u00eb deri n\u00eb fund.<\/p><\/div><\/div>\n<\/div>\n<\/div>\n<\/div><\/div>\n\n\n\n<div class=\"wp-block-uagb-container uagb-block-f18a4f7c alignfull uagb-is-root-container\"><div class=\"uagb-container-inner-blocks-wrap\">\n<div class=\"wp-block-uagb-info-box uagb-block-02fd8e85 uagb-infobox__content-wrap  uagb-infobox-icon-above-title uagb-infobox-image-valign-top\"><div class=\"uagb-ifb-content\"><div class=\"uagb-ifb-title-wrap\"><h2 class=\"uagb-ifb-title\">Nis sot krijimin e kompanis\u00eb t\u00ebnde n\u00eb SHBA<\/h2><\/div><p class=\"uagb-ifb-desc\">Ne t\u00eb udh\u00ebzojm\u00eb hap pas hapi nga formimi i kompanis\u00eb deri te EIN dhe pagesat nd\u00ebrkomb\u00ebtare \u2013 pa pagesa mujore dhe pa komplikime.<\/p><div class=\"uagb-ifb-button-wrapper wp-block-button\"><a href=\"https:\/\/isatlas.com\/aplikim-per-hapjen-e-kompanise-ne-shba-nga-shqiperia-europa\/\" class=\"uagb-infobox-cta-link wp-block-button__link\" target=\"_self\" rel=\"noopener noreferrer\" onclick=\"return true;\"><span class=\"uagb-inline-editing\">Apliko Tani<\/span><\/a><\/div><\/div><\/div>\n<\/div><\/div>\n","protected":false},"excerpt":{"rendered":"<p>Ne ndihmojm\u00eb bizneset t\u00eb operojn\u00eb globalisht, thjesht dhe ligj\u00ebrisht IsAtlas \u00ebsht\u00eb nj\u00eb platform\u00eb sh\u00ebrbimesh q\u00eb ndihmon individ\u00eb dhe biznese t\u00eb krijojn\u00eb, strukturojn\u00eb dhe menaxhojn\u00eb aktivitetin e tyre nd\u00ebrkomb\u00ebtar n\u00eb m\u00ebnyr\u00eb t\u00eb thjesht\u00eb dhe t\u00eb sigurt.Nga formimi i kompanis\u00eb n\u00eb SHBA, deri te asistenca p\u00ebr llogari bankare dhe pagesa online, IsAtlas ofron nj\u00eb proces t\u00eb qart\u00eb, [&hellip;]<\/p>\n","protected":false},"author":1,"featured_media":0,"parent":0,"menu_order":0,"comment_status":"closed","ping_status":"closed","template":"","meta":{"om_disable_all_campaigns":false,"_uag_custom_page_level_css":"","_monsterinsights_skip_tracking":false,"_monsterinsights_sitenote_active":false,"_monsterinsights_sitenote_note":"","_monsterinsights_sitenote_category":0,"site-sidebar-layout":"default","site-content-layout":"","ast-site-content-layout":"default","site-content-style":"default","site-sidebar-style":"default","ast-global-header-display":"","ast-banner-title-visibility":"","ast-main-header-display":"","ast-hfb-above-header-display":"","ast-hfb-below-header-display":"","ast-hfb-mobile-header-display":"","site-post-title":"disabled","ast-breadcrumbs-content":"","ast-featured-img":"","footer-sml-layout":"","ast-disable-related-posts":"","theme-transparent-header-meta":"","adv-header-id-meta":"","stick-header-meta":"","header-above-stick-meta":"","header-main-stick-meta":"","header-below-stick-meta":"","astra-migrate-meta-layouts":"set","ast-page-background-enabled":"default","ast-page-background-meta":{"desktop":{"background-color":"var(--ast-global-color-4)","background-image":"","background-repeat":"repeat","background-position":"center center","background-size":"auto","background-attachment":"scroll","background-type":"","background-media":"","overlay-type":"","overlay-color":"","overlay-opacity":"","overlay-gradient":""},"tablet":{"background-color":"","background-image":"","background-repeat":"repeat","background-position":"center center","background-size":"auto","background-attachment":"scroll","background-type":"","background-media":"","overlay-type":"","overlay-color":"","overlay-opacity":"","overlay-gradient":""},"mobile":{"background-color":"","background-image":"","background-repeat":"repeat","background-position":"center center","background-size":"auto","background-attachment":"scroll","background-type":"","background-media":"","overlay-type":"","overlay-color":"","overlay-opacity":"","overlay-gradient":""}},"ast-content-background-meta":{"desktop":{"background-color":"var(--ast-global-color-5)","background-image":"","background-repeat":"repeat","background-position":"center center","background-size":"auto","background-attachment":"scroll","background-type":"","background-media":"","overlay-type":"","overlay-color":"","overlay-opacity":"","overlay-gradient":""},"tablet":{"background-color":"var(--ast-global-color-5)","background-image":"","background-repeat":"repeat","background-position":"center center","background-size":"auto","background-attachment":"scroll","background-type":"","background-media":"","overlay-type":"","overlay-color":"","overlay-opacity":"","overlay-gradient":""},"mobile":{"background-color":"var(--ast-global-color-5)","background-image":"","background-repeat":"repeat","background-position":"center center","background-size":"auto","background-attachment":"scroll","background-type":"","background-media":"","overlay-type":"","overlay-color":"","overlay-opacity":"","overlay-gradient":""}},"footnotes":""},"class_list":["post-766","page","type-page","status-publish","hentry"],"aioseo_notices":[],"uagb_featured_image_src":{"full":false,"thumbnail":false,"medium":false,"medium_large":false,"large":false,"1536x1536":false,"2048x2048":false,"trp-custom-language-flag":false},"uagb_author_info":{"display_name":"ari.llaci31.al@gmail.com","author_link":"https:\/\/isatlas.com\/sq\/author\/ari-llaci31-algmail-com\/"},"uagb_comment_info":0,"uagb_excerpt":"Ne ndihmojm\u00eb bizneset t\u00eb operojn\u00eb globalisht, thjesht dhe ligj\u00ebrisht IsAtlas \u00ebsht\u00eb nj\u00eb platform\u00eb sh\u00ebrbimesh q\u00eb ndihmon individ\u00eb dhe biznese t\u00eb krijojn\u00eb, strukturojn\u00eb dhe menaxhojn\u00eb aktivitetin e tyre nd\u00ebrkomb\u00ebtar n\u00eb m\u00ebnyr\u00eb t\u00eb thjesht\u00eb dhe t\u00eb sigurt.Nga formimi i kompanis\u00eb n\u00eb SHBA, deri te asistenca p\u00ebr llogari bankare dhe pagesa online, IsAtlas ofron nj\u00eb proces t\u00eb qart\u00eb,&hellip;","_links":{"self":[{"href":"https:\/\/isatlas.com\/sq\/wp-json\/wp\/v2\/pages\/766","targetHints":{"allow":["GET"]}}],"collection":[{"href":"https:\/\/isatlas.com\/sq\/wp-json\/wp\/v2\/pages"}],"about":[{"href":"https:\/\/isatlas.com\/sq\/wp-json\/wp\/v2\/types\/page"}],"author":[{"embeddable":true,"href":"https:\/\/isatlas.com\/sq\/wp-json\/wp\/v2\/users\/1"}],"replies":[{"embeddable":true,"href":"https:\/\/isatlas.com\/sq\/wp-json\/wp\/v2\/comments?post=766"}],"version-history":[{"count":5,"href":"https:\/\/isatlas.com\/sq\/wp-json\/wp\/v2\/pages\/766\/revisions"}],"predecessor-version":[{"id":3100,"href":"https:\/\/isatlas.com\/sq\/wp-json\/wp\/v2\/pages\/766\/revisions\/3100"}],"wp:attachment":[{"href":"https:\/\/isatlas.com\/sq\/wp-json\/wp\/v2\/media?parent=766"}],"curies":[{"name":"wp","href":"https:\/\/api.w.org\/{rel}","templated":true}]}}