{"id":764,"date":"2026-01-01T21:20:28","date_gmt":"2026-01-01T21:20:28","guid":{"rendered":"https:\/\/isatlas.com\/features\/"},"modified":"2026-01-02T12:55:17","modified_gmt":"2026-01-02T12:55:17","slug":"si-funksionon","status":"publish","type":"page","link":"https:\/\/isatlas.com\/sq\/si-funksionon\/","title":{"rendered":"Si Funksionon"},"content":{"rendered":"\n<div class=\"wp-block-uagb-container uagb-block-15f342ae alignfull uagb-is-root-container\"><div class=\"uagb-container-inner-blocks-wrap\">\n<div class=\"wp-block-uagb-advanced-heading uagb-block-88bf1825\"><h1 class=\"uagb-heading-text\">Krijo Kompanin tende ne SHBA <\/h1><\/div>\n\n\n\n<div class=\"wp-block-uagb-advanced-heading uagb-block-07e5e6db\"><p class=\"uagb-heading-text\">Ne ndihmojm\u00eb individ\u00eb dhe biznese nga Shqip\u00ebria, Kosova dhe Europa t\u00eb hapin kompani n\u00eb SHBA n\u00eb m\u00ebnyr\u00eb t\u00eb thjesht\u00eb, t\u00eb shpejt\u00eb dhe plot\u00ebsisht ligjore.<br>Me IsAtlas p\u00ebrfiton akses n\u00eb pagesa globale (Stripe), struktur\u00eb amerikane biznesi dhe zero komplikime administrative.<\/p><\/div>\n\n\n\n<figure class=\"wp-block-image size-full is-resized\"><img loading=\"lazy\" decoding=\"async\" width=\"500\" height=\"500\" src=\"https:\/\/isatlas.com\/wp-content\/uploads\/2026\/01\/Business-analytics.gif\" alt=\"\" class=\"wp-image-2982\" style=\"width:510px;height:auto\"\/><\/figure>\n<\/div><\/div>\n\n\n\n<div class=\"wp-block-uagb-container uagb-block-14f8bb4e alignfull uagb-is-root-container\"><div class=\"uagb-container-inner-blocks-wrap\">\n<div class=\"wp-block-uagb-container uagb-block-529c0df6\">\n<div class=\"wp-block-uagb-advanced-heading uagb-block-7bb7b669\"><h2 class=\"uagb-heading-text\">Gjith\u00e7ka q\u00eb t\u00eb duhet p\u00ebr t\u00eb operuar nj\u00eb biznes n\u00eb SHBA<\/h2><p class=\"uagb-desc-text\">Nga formimi i kompanis\u00eb deri te pagesat nd\u00ebrkomb\u00ebtare, IsAtlas t\u00eb udh\u00ebzon hap pas hapi q\u00eb biznesi yt t\u00eb funksionoj\u00eb ligj\u00ebrisht dhe pa komplikime.<br><\/p><\/div>\n\n\n\n<div class=\"wp-block-uagb-advanced-heading uagb-block-e30bc1d8\"><p class=\"uagb-heading-text\">Formim i shpejt\u00eb i kompanis\u00eb n\u00eb SHBA<br><\/p><div class=\"uagb-separator\"><\/div><\/div>\n\n\n\n<div class=\"wp-block-uagb-advanced-heading uagb-block-333f2d81\"><p class=\"uagb-heading-text\">Akses n\u00eb Stripe &amp; pagesa globale<br>Prano pagesa nga e gjith\u00eb bota pa kufizime lokale.<\/p><div class=\"uagb-separator\"><\/div><\/div>\n\n\n\n<div class=\"wp-block-uagb-advanced-heading uagb-block-8561c631\"><p class=\"uagb-heading-text\">Num\u00ebr tatimor amerikan dhe dokumente gati p\u00ebr banka dhe pagesa.<br><\/p><\/div>\n<\/div>\n\n\n\n<div class=\"wp-block-uagb-container uagb-block-bb80b2af\">\n<div class=\"wp-block-uagb-image uagb-block-89ae2cb4 wp-block-uagb-image--layout-default wp-block-uagb-image--effect-static wp-block-uagb-image--align-none\"><figure class=\"wp-block-uagb-image__figure\"><img decoding=\"async\" srcset=\"https:\/\/isatlas.com\/wp-content\/uploads\/2023\/03\/Group-2289-1.png ,https:\/\/isatlas.com\/wp-content\/uploads\/2023\/03\/Group-2289-1.png 780w, https:\/\/isatlas.com\/wp-content\/uploads\/2023\/03\/Group-2289-1.png 360w\" sizes=\"auto, (max-width: 480px) 150px\" src=\"https:\/\/isatlas.com\/wp-content\/uploads\/2023\/03\/Group-2289-1.png\" alt=\"\" class=\"uag-image-736\" width=\"598\" height=\"481\" title=\"\" loading=\"lazy\" role=\"img\"\/><\/figure><\/div>\n<\/div>\n<\/div><\/div>\n\n\n\n<div class=\"wp-block-uagb-container uagb-block-d8eba1f6 alignfull uagb-is-root-container\"><div class=\"uagb-container-inner-blocks-wrap\">\n<div class=\"wp-block-uagb-info-box uagb-block-02fd8e85 uagb-infobox__content-wrap  uagb-infobox-icon-above-title uagb-infobox-image-valign-top\"><div class=\"uagb-ifb-content\"><div class=\"uagb-ifb-title-wrap\"><h2 class=\"uagb-ifb-title\">Nis sot krijimin e kompanis\u00eb t\u00ebnde n\u00eb SHBA<\/h2><\/div><p class=\"uagb-ifb-desc\">Ne t\u00eb udh\u00ebzojm\u00eb hap pas hapi nga formimi i kompanis\u00eb deri te EIN dhe pagesat nd\u00ebrkomb\u00ebtare \u2013 pa pagesa mujore dhe pa komplikime.<\/p><div class=\"uagb-ifb-button-wrapper wp-block-button\"><a href=\"https:\/\/isatlas.com\/aplikim-per-hapjen-e-kompanise-ne-shba-nga-shqiperia-europa\/\" class=\"uagb-infobox-cta-link wp-block-button__link\" target=\"_self\" rel=\"noopener noreferrer\" onclick=\"return true;\"><span class=\"uagb-inline-editing\">Apliko Tani<\/span><\/a><\/div><\/div><\/div>\n<\/div><\/div>\n","protected":false},"excerpt":{"rendered":"<p>Krijo Kompanin tende ne SHBA Ne ndihmojm\u00eb individ\u00eb dhe biznese nga Shqip\u00ebria, Kosova dhe Europa t\u00eb hapin kompani n\u00eb SHBA n\u00eb m\u00ebnyr\u00eb t\u00eb thjesht\u00eb, t\u00eb shpejt\u00eb dhe plot\u00ebsisht ligjore.Me IsAtlas p\u00ebrfiton akses n\u00eb pagesa globale (Stripe), struktur\u00eb amerikane biznesi dhe zero komplikime administrative. Gjith\u00e7ka q\u00eb t\u00eb duhet p\u00ebr t\u00eb operuar nj\u00eb biznes n\u00eb SHBA Nga [&hellip;]<\/p>\n","protected":false},"author":1,"featured_media":0,"parent":0,"menu_order":0,"comment_status":"closed","ping_status":"closed","template":"","meta":{"om_disable_all_campaigns":false,"_uag_custom_page_level_css":"","_monsterinsights_skip_tracking":false,"_monsterinsights_sitenote_active":false,"_monsterinsights_sitenote_note":"","_monsterinsights_sitenote_category":0,"site-sidebar-layout":"default","site-content-layout":"","ast-site-content-layout":"default","site-content-style":"default","site-sidebar-style":"default","ast-global-header-display":"","ast-banner-title-visibility":"","ast-main-header-display":"","ast-hfb-above-header-display":"","ast-hfb-below-header-display":"","ast-hfb-mobile-header-display":"","site-post-title":"disabled","ast-breadcrumbs-content":"","ast-featured-img":"","footer-sml-layout":"","ast-disable-related-posts":"","theme-transparent-header-meta":"","adv-header-id-meta":"","stick-header-meta":"","header-above-stick-meta":"","header-main-stick-meta":"","header-below-stick-meta":"","astra-migrate-meta-layouts":"set","ast-page-background-enabled":"default","ast-page-background-meta":{"desktop":{"background-color":"var(--ast-global-color-4)","background-image":"","background-repeat":"repeat","background-position":"center center","background-size":"auto","background-attachment":"scroll","background-type":"","background-media":"","overlay-type":"","overlay-color":"","overlay-opacity":"","overlay-gradient":""},"tablet":{"background-color":"","background-image":"","background-repeat":"repeat","background-position":"center center","background-size":"auto","background-attachment":"scroll","background-type":"","background-media":"","overlay-type":"","overlay-color":"","overlay-opacity":"","overlay-gradient":""},"mobile":{"background-color":"","background-image":"","background-repeat":"repeat","background-position":"center center","background-size":"auto","background-attachment":"scroll","background-type":"","background-media":"","overlay-type":"","overlay-color":"","overlay-opacity":"","overlay-gradient":""}},"ast-content-background-meta":{"desktop":{"background-color":"var(--ast-global-color-5)","background-image":"","background-repeat":"repeat","background-position":"center center","background-size":"auto","background-attachment":"scroll","background-type":"","background-media":"","overlay-type":"","overlay-color":"","overlay-opacity":"","overlay-gradient":""},"tablet":{"background-color":"var(--ast-global-color-5)","background-image":"","background-repeat":"repeat","background-position":"center center","background-size":"auto","background-attachment":"scroll","background-type":"","background-media":"","overlay-type":"","overlay-color":"","overlay-opacity":"","overlay-gradient":""},"mobile":{"background-color":"var(--ast-global-color-5)","background-image":"","background-repeat":"repeat","background-position":"center center","background-size":"auto","background-attachment":"scroll","background-type":"","background-media":"","overlay-type":"","overlay-color":"","overlay-opacity":"","overlay-gradient":""}},"footnotes":""},"class_list":["post-764","page","type-page","status-publish","hentry"],"aioseo_notices":[],"uagb_featured_image_src":{"full":false,"thumbnail":false,"medium":false,"medium_large":false,"large":false,"1536x1536":false,"2048x2048":false,"trp-custom-language-flag":false},"uagb_author_info":{"display_name":"ari.llaci31.al@gmail.com","author_link":"https:\/\/isatlas.com\/sq\/author\/ari-llaci31-algmail-com\/"},"uagb_comment_info":0,"uagb_excerpt":"Krijo Kompanin tende ne SHBA Ne ndihmojm\u00eb individ\u00eb dhe biznese nga Shqip\u00ebria, Kosova dhe Europa t\u00eb hapin kompani n\u00eb SHBA n\u00eb m\u00ebnyr\u00eb t\u00eb thjesht\u00eb, t\u00eb shpejt\u00eb dhe plot\u00ebsisht ligjore.Me IsAtlas p\u00ebrfiton akses n\u00eb pagesa globale (Stripe), struktur\u00eb amerikane biznesi dhe zero komplikime administrative. Gjith\u00e7ka q\u00eb t\u00eb duhet p\u00ebr t\u00eb operuar nj\u00eb biznes n\u00eb SHBA Nga&hellip;","_links":{"self":[{"href":"https:\/\/isatlas.com\/sq\/wp-json\/wp\/v2\/pages\/764","targetHints":{"allow":["GET"]}}],"collection":[{"href":"https:\/\/isatlas.com\/sq\/wp-json\/wp\/v2\/pages"}],"about":[{"href":"https:\/\/isatlas.com\/sq\/wp-json\/wp\/v2\/types\/page"}],"author":[{"embeddable":true,"href":"https:\/\/isatlas.com\/sq\/wp-json\/wp\/v2\/users\/1"}],"replies":[{"embeddable":true,"href":"https:\/\/isatlas.com\/sq\/wp-json\/wp\/v2\/comments?post=764"}],"version-history":[{"count":7,"href":"https:\/\/isatlas.com\/sq\/wp-json\/wp\/v2\/pages\/764\/revisions"}],"predecessor-version":[{"id":3101,"href":"https:\/\/isatlas.com\/sq\/wp-json\/wp\/v2\/pages\/764\/revisions\/3101"}],"wp:attachment":[{"href":"https:\/\/isatlas.com\/sq\/wp-json\/wp\/v2\/media?parent=764"}],"curies":[{"name":"wp","href":"https:\/\/api.w.org\/{rel}","templated":true}]}}